{"id":20,"date":"2026-03-09T15:27:44","date_gmt":"2026-03-09T15:27:44","guid":{"rendered":"https:\/\/hif-tryk.dk\/?page_id=20"},"modified":"2026-03-16T14:33:48","modified_gmt":"2026-03-16T13:33:48","slug":"forside","status":"publish","type":"page","link":"https:\/\/hif-tryk.dk\/","title":{"rendered":"Forside"},"content":{"rendered":"\t\t<div data-elementor-type=\"wp-page\" data-elementor-id=\"20\" class=\"elementor elementor-20\" data-elementor-post-type=\"page\">\n\t\t\t\t<div class=\"elementor-element elementor-element-4ea92b2 e-flex e-con-boxed e-con e-parent\" data-id=\"4ea92b2\" data-element_type=\"container\" data-e-type=\"container\" data-settings=\"{&quot;background_background&quot;:&quot;classic&quot;}\">\n\t\t\t\t\t<div class=\"e-con-inner\">\n\t\t\t\t<div class=\"elementor-element elementor-element-92aa837 elementor-widget elementor-widget-heading\" data-id=\"92aa837\" data-element_type=\"widget\" data-e-type=\"widget\" data-widget_type=\"heading.default\">\n\t\t\t\t\t<h1 class=\"elementor-heading-title elementor-size-default\">Velkommen til HIF Tryk<\/h1>\t\t\t\t<\/div>\n\t\t\t\t<div class=\"elementor-element elementor-element-3eb4d2c elementor-widget elementor-widget-heading\" data-id=\"3eb4d2c\" data-element_type=\"widget\" data-e-type=\"widget\" data-widget_type=\"heading.default\">\n\t\t\t\t\t<h2 class=\"elementor-heading-title elementor-size-default\">Specialist i tryk og l\u00f8sninger til bilforhandlere<\/h2>\t\t\t\t<\/div>\n\t\t\t\t\t<\/div>\n\t\t\t\t<\/div>\n\t\t<div class=\"elementor-element elementor-element-undefined-a04dba0 e-flex e-con-boxed e-con e-parent\" data-id=\"undefined-a04dba0\" data-element_type=\"container\" data-e-type=\"container\">\n\t\t\t\t\t<div class=\"e-con-inner\">\n\t\t<div class=\"elementor-element elementor-element-undefined-cea507a e-con-full e-flex e-con e-child\" data-id=\"undefined-cea507a\" data-element_type=\"container\" data-e-type=\"container\">\n\t\t\t\t<div class=\"elementor-element elementor-element-undefined-4aaa69e elementor-widget elementor-widget-heading\" data-id=\"undefined-4aaa69e\" data-element_type=\"widget\" data-e-type=\"widget\" data-widget_type=\"heading.default\">\n\t\t\t\t\t<h2 class=\"elementor-heading-title elementor-size-default\">Bredt udvalg af l\u00f8sninger<\/h2>\t\t\t\t<\/div>\n\t\t\t\t<div class=\"elementor-element elementor-element-undefined-0dec16a elementor-widget elementor-widget-heading\" data-id=\"undefined-0dec16a\" data-element_type=\"widget\" data-e-type=\"widget\" data-widget_type=\"heading.default\">\n\t\t\t\t\t<h5 class=\"elementor-heading-title elementor-size-default\">Udforsk vores udvalg af h\u00f8jkvalitets tryk- og markedsf\u00f8ringsl\u00f8sninger designet specifikt til bilforhandlere.<\/h5>\t\t\t\t<\/div>\n\t\t\t\t<\/div>\n\t\t<div class=\"elementor-element elementor-element-undefined-d0302d1 e-con-full e-flex e-con e-child\" data-id=\"undefined-d0302d1\" data-element_type=\"container\" data-e-type=\"container\">\n\t\t\t\t<div class=\"elementor-element elementor-element-undefined-6e1d463 elementor-widget-tablet__width-initial elementor-widget-mobile__width-inherit elementor-widget__width-initial elementor-position-top elementor-widget elementor-widget-image-box\" data-id=\"undefined-6e1d463\" data-element_type=\"widget\" data-e-type=\"widget\" data-widget_type=\"image-box.default\">\n\t\t\t\t\t<div class=\"elementor-image-box-wrapper\"><figure class=\"elementor-image-box-img\"><a href=\"https:\/\/hif-tryk.dk\/?product=provepladeetui-med-magnet\" tabindex=\"-1\"><img fetchpriority=\"high\" decoding=\"async\" width=\"672\" height=\"673\" src=\"https:\/\/hif-tryk.dk\/wp-content\/uploads\/2026\/03\/proveplader.jpg\" class=\"elementor-animation-grow attachment-full size-full wp-image-33\" alt=\"\" srcset=\"https:\/\/hif-tryk.dk\/wp-content\/uploads\/2026\/03\/proveplader.jpg 672w, https:\/\/hif-tryk.dk\/wp-content\/uploads\/2026\/03\/proveplader-300x300.jpg 300w, https:\/\/hif-tryk.dk\/wp-content\/uploads\/2026\/03\/proveplader-150x150.jpg 150w, https:\/\/hif-tryk.dk\/wp-content\/uploads\/2026\/03\/proveplader-600x601.jpg 600w, https:\/\/hif-tryk.dk\/wp-content\/uploads\/2026\/03\/proveplader-100x100.jpg 100w\" sizes=\"(max-width: 672px) 100vw, 672px\" \/><\/a><\/figure><div class=\"elementor-image-box-content\"><h4 class=\"elementor-image-box-title\"><a href=\"https:\/\/hif-tryk.dk\/?product=provepladeetui-med-magnet\">Pr\u00f8vepladeetui<\/a><\/h4><p class=\"elementor-image-box-description\">Praktiske etuier til pr\u00f8venummerplader med kraftige magneter.<\/p><\/div><\/div>\t\t\t\t<\/div>\n\t\t\t\t<div class=\"elementor-element elementor-element-undefined-4dfe2cc elementor-widget-tablet__width-initial elementor-widget-mobile__width-inherit elementor-widget__width-initial elementor-position-top elementor-widget elementor-widget-image-box\" data-id=\"undefined-4dfe2cc\" data-element_type=\"widget\" data-e-type=\"widget\" data-widget_type=\"image-box.default\">\n\t\t\t\t\t<div class=\"elementor-image-box-wrapper\"><figure class=\"elementor-image-box-img\"><a href=\"#\" tabindex=\"-1\"><img decoding=\"async\" width=\"2048\" height=\"2048\" src=\"https:\/\/hif-tryk.dk\/wp-content\/uploads\/2026\/03\/autorepkort.jpg\" class=\"elementor-animation-grow attachment-full size-full wp-image-54\" alt=\"\" srcset=\"https:\/\/hif-tryk.dk\/wp-content\/uploads\/2026\/03\/autorepkort.jpg 2048w, https:\/\/hif-tryk.dk\/wp-content\/uploads\/2026\/03\/autorepkort-300x300.jpg 300w, https:\/\/hif-tryk.dk\/wp-content\/uploads\/2026\/03\/autorepkort-1024x1024.jpg 1024w, https:\/\/hif-tryk.dk\/wp-content\/uploads\/2026\/03\/autorepkort-150x150.jpg 150w, https:\/\/hif-tryk.dk\/wp-content\/uploads\/2026\/03\/autorepkort-768x768.jpg 768w, https:\/\/hif-tryk.dk\/wp-content\/uploads\/2026\/03\/autorepkort-1536x1536.jpg 1536w, https:\/\/hif-tryk.dk\/wp-content\/uploads\/2026\/03\/autorepkort-600x600.jpg 600w, https:\/\/hif-tryk.dk\/wp-content\/uploads\/2026\/03\/autorepkort-100x100.jpg 100w\" sizes=\"(max-width: 2048px) 100vw, 2048px\" \/><\/a><\/figure><div class=\"elementor-image-box-content\"><h4 class=\"elementor-image-box-title\"><a href=\"#\">Dokumenter<\/a><\/h4><p class=\"elementor-image-box-description\">Vi trykker alle n\u00f8dvendige dokumenter som benyttes som standard i bilbranchen<\/p><\/div><\/div>\t\t\t\t<\/div>\n\t\t\t\t<div class=\"elementor-element elementor-element-undefined-5e68925 elementor-widget-tablet__width-initial elementor-widget-mobile__width-inherit elementor-widget__width-initial elementor-position-top elementor-widget elementor-widget-image-box\" data-id=\"undefined-5e68925\" data-element_type=\"widget\" data-e-type=\"widget\" data-widget_type=\"image-box.default\">\n\t\t\t\t\t<div class=\"elementor-image-box-wrapper\"><figure class=\"elementor-image-box-img\"><a href=\"#\" tabindex=\"-1\"><img fetchpriority=\"high\" decoding=\"async\" width=\"672\" height=\"673\" src=\"https:\/\/hif-tryk.dk\/wp-content\/uploads\/2026\/03\/proveplader.jpg\" class=\"elementor-animation-grow attachment-full size-full wp-image-33\" alt=\"\" srcset=\"https:\/\/hif-tryk.dk\/wp-content\/uploads\/2026\/03\/proveplader.jpg 672w, https:\/\/hif-tryk.dk\/wp-content\/uploads\/2026\/03\/proveplader-300x300.jpg 300w, https:\/\/hif-tryk.dk\/wp-content\/uploads\/2026\/03\/proveplader-150x150.jpg 150w, https:\/\/hif-tryk.dk\/wp-content\/uploads\/2026\/03\/proveplader-600x601.jpg 600w, https:\/\/hif-tryk.dk\/wp-content\/uploads\/2026\/03\/proveplader-100x100.jpg 100w\" sizes=\"(max-width: 672px) 100vw, 672px\" \/><\/a><\/figure><div class=\"elementor-image-box-content\"><h4 class=\"elementor-image-box-title\"><a href=\"#\">Prisskilte<\/a><\/h4><p class=\"elementor-image-box-description\">Stort udvalg af prisskilte i enten pap eller plastic. <\/p><\/div><\/div>\t\t\t\t<\/div>\n\t\t\t\t<div class=\"elementor-element elementor-element-undefined-b7a9fdc elementor-widget-tablet__width-initial elementor-widget-mobile__width-inherit elementor-widget__width-initial elementor-position-top elementor-widget elementor-widget-image-box\" data-id=\"undefined-b7a9fdc\" data-element_type=\"widget\" data-e-type=\"widget\" data-widget_type=\"image-box.default\">\n\t\t\t\t\t<div class=\"elementor-image-box-wrapper\"><figure class=\"elementor-image-box-img\"><a href=\"#\" tabindex=\"-1\"><img fetchpriority=\"high\" decoding=\"async\" width=\"672\" height=\"673\" src=\"https:\/\/hif-tryk.dk\/wp-content\/uploads\/2026\/03\/proveplader.jpg\" class=\"elementor-animation-grow attachment-full size-full wp-image-33\" alt=\"\" srcset=\"https:\/\/hif-tryk.dk\/wp-content\/uploads\/2026\/03\/proveplader.jpg 672w, https:\/\/hif-tryk.dk\/wp-content\/uploads\/2026\/03\/proveplader-300x300.jpg 300w, https:\/\/hif-tryk.dk\/wp-content\/uploads\/2026\/03\/proveplader-150x150.jpg 150w, https:\/\/hif-tryk.dk\/wp-content\/uploads\/2026\/03\/proveplader-600x601.jpg 600w, https:\/\/hif-tryk.dk\/wp-content\/uploads\/2026\/03\/proveplader-100x100.jpg 100w\" sizes=\"(max-width: 672px) 100vw, 672px\" \/><\/a><\/figure><div class=\"elementor-image-box-content\"><h4 class=\"elementor-image-box-title\"><a href=\"#\">N\u00f8gletags<\/a><\/h4><p class=\"elementor-image-box-description\">Hold styr p\u00e5 dine biln\u00f8gler med forskellige valgfrie farver og nemme strips<\/p><\/div><\/div>\t\t\t\t<\/div>\n\t\t\t\t<\/div>\n\t\t\t\t<div class=\"elementor-element elementor-element-undefined-160362a elementor-widget__width-auto elementor-align-right elementor-widget elementor-widget-button\" data-id=\"undefined-160362a\" data-element_type=\"widget\" data-e-type=\"widget\" data-widget_type=\"button.default\">\n\t\t\t\t\t\t\t\t\t\t<a class=\"elementor-button elementor-button-link elementor-size-sm\" href=\"https:\/\/hif-tryk.dk\/?page_id=13\">\n\t\t\t\t\t\t<span class=\"elementor-button-content-wrapper\">\n\t\t\t\t\t\t\t\t\t<span class=\"elementor-button-text\">Se vores produkter<\/span>\n\t\t\t\t\t<\/span>\n\t\t\t\t\t<\/a>\n\t\t\t\t\t\t\t\t<\/div>\n\t\t\t\t\t<\/div>\n\t\t\t\t<\/div>\n\t\t\t\t<\/div>\n\t\t","protected":false},"excerpt":{"rendered":"<p>Velkommen til HIF Tryk Specialist i tryk og l\u00f8sninger til bilforhandlere Bredt udvalg af l\u00f8sninger Udforsk vores udvalg af h\u00f8jkvalitets tryk- og markedsf\u00f8ringsl\u00f8sninger designet specifikt til bilforhandlere. Pr\u00f8vepladeetui Praktiske etuier til pr\u00f8venummerplader med kraftige magneter. Dokumenter Vi trykker alle n\u00f8dvendige dokumenter som benyttes som standard i bilbranchen Prisskilte Stort udvalg af prisskilte i enten pap [&hellip;]<\/p>\n","protected":false},"author":2,"featured_media":0,"parent":0,"menu_order":0,"comment_status":"closed","ping_status":"closed","template":"","meta":{"footnotes":""},"class_list":["post-20","page","type-page","status-publish","hentry"],"_links":{"self":[{"href":"https:\/\/hif-tryk.dk\/index.php?rest_route=\/wp\/v2\/pages\/20","targetHints":{"allow":["GET"]}}],"collection":[{"href":"https:\/\/hif-tryk.dk\/index.php?rest_route=\/wp\/v2\/pages"}],"about":[{"href":"https:\/\/hif-tryk.dk\/index.php?rest_route=\/wp\/v2\/types\/page"}],"author":[{"embeddable":true,"href":"https:\/\/hif-tryk.dk\/index.php?rest_route=\/wp\/v2\/users\/2"}],"replies":[{"embeddable":true,"href":"https:\/\/hif-tryk.dk\/index.php?rest_route=%2Fwp%2Fv2%2Fcomments&post=20"}],"version-history":[{"count":22,"href":"https:\/\/hif-tryk.dk\/index.php?rest_route=\/wp\/v2\/pages\/20\/revisions"}],"predecessor-version":[{"id":76,"href":"https:\/\/hif-tryk.dk\/index.php?rest_route=\/wp\/v2\/pages\/20\/revisions\/76"}],"wp:attachment":[{"href":"https:\/\/hif-tryk.dk\/index.php?rest_route=%2Fwp%2Fv2%2Fmedia&parent=20"}],"curies":[{"name":"wp","href":"https:\/\/api.w.org\/{rel}","templated":true}]}}