{"id":37,"date":"2026-03-09T15:52:08","date_gmt":"2026-03-09T15:52:08","guid":{"rendered":"https:\/\/hif-tryk.dk\/?page_id=37"},"modified":"2026-03-31T15:54:55","modified_gmt":"2026-03-31T13:54:55","slug":"handelsbetingelser","status":"publish","type":"page","link":"https:\/\/hif-tryk.dk\/?page_id=37","title":{"rendered":"Handelsbetingelser"},"content":{"rendered":"\t\t<div data-elementor-type=\"wp-page\" data-elementor-id=\"37\" class=\"elementor elementor-37\" data-elementor-post-type=\"page\">\n\t\t\t\t<div class=\"elementor-element elementor-element-1e0f0fdf e-flex e-con-boxed e-con e-parent\" data-id=\"1e0f0fdf\" data-element_type=\"container\" data-e-type=\"container\">\n\t\t\t\t\t<div class=\"e-con-inner\">\n\t\t\t\t<div class=\"elementor-element elementor-element-1fac2e4e elementor-widget elementor-widget-text-editor\" data-id=\"1fac2e4e\" data-element_type=\"widget\" data-e-type=\"widget\" data-widget_type=\"text-editor.default\">\n\t\t\t\t\t\t\t\t\t<h1 class=\"wp-block-heading\">Handelsbetingelser<\/h1>\n<p><!-- \/wp:heading --><!-- wp:heading --><\/p>\n<h2 class=\"wp-block-heading\">1. Generelle oplysninger<\/h2>\n<p><!-- \/wp:heading --><!-- wp:paragraph --><\/p>\n<p><strong><span>Handels &amp; Industri Forlaget<\/span><\/strong><br \/><strong><span>Rugmarken 6<\/span><\/strong><br \/><strong><span>3520 Farum<\/span><\/strong><br \/><strong>Danmark<\/strong><\/p>\n<p><!-- \/wp:paragraph --><!-- wp:paragraph --><\/p>\n<p>CVR-nr.: <strong><span>CVR: 29486832<\/span><\/strong><br \/>Telefon: <strong><span>38104544<\/span><\/strong><br \/>E-mail: <strong><span>info@hif-tryk.dk<\/span><\/strong><\/p>\n<p><!-- \/wp:paragraph --><!-- wp:heading --><\/p>\n<h2 class=\"wp-block-heading\">2. Anvendelsesomr\u00e5de<\/h2>\n<p><!-- \/wp:heading --><!-- wp:paragraph --><\/p>\n<p>Disse handelsbetingelser g\u00e6lder for alle k\u00f8b foretaget i <span>Handels &amp; Industri Forlaget<\/span>&#8216;s webshop. Ved at afgive en ordre accepterer k\u00f8ber disse handelsbetingelser.<\/p>\n<p><!-- \/wp:paragraph --><!-- wp:heading --><\/p>\n<h2 class=\"wp-block-heading\">3. Priser og betaling<\/h2>\n<p><!-- \/wp:heading --><!-- wp:paragraph --><\/p>\n<p>Alle priser er angivet i <strong>DKK<\/strong> og inkluderer moms, medmindre andet er anf\u00f8rt.<\/p>\n<p><!-- \/wp:paragraph --><!-- wp:paragraph --><\/p>\n<p><strong><span>Handels &amp; Industri Forlaget<\/span><\/strong> forbeholder sig ret til at \u00e6ndre priser uden varsel.<\/p>\n<p><!-- \/wp:paragraph --><!-- wp:heading {\"level\":3} --><\/p>\n<h3 class=\"wp-block-heading\">Betalingsmuligheder:<\/h3>\n<p><!-- \/wp:heading --><!-- wp:list --><\/p>\n<ul class=\"wp-block-list\">\n<li style=\"list-style-type: none;\">\n<ul class=\"wp-block-list\"><!-- wp:list-item --><\/ul>\n<\/li>\n<\/ul>\n<ul class=\"wp-block-list\">\n<li style=\"list-style-type: none;\">\n<ul class=\"wp-block-list\">\n<li><strong>Kortbetaling via Scanpay<\/strong><\/li>\n<\/ul>\n<\/li>\n<\/ul>\n<p><!-- \/wp:list-item --><\/p>\n<p><!-- \/wp:list --><!-- wp:paragraph --><\/p>\n<p>Betaling skal ske ved ordreafgivelse, medmindre andet er aftalt.<\/p>\n<p><!-- \/wp:paragraph --><!-- wp:heading --><\/p>\n<h2 class=\"wp-block-heading\">4. Levering<\/h2>\n<p><!-- \/wp:heading --><!-- wp:heading {\"level\":3} --><\/p>\n<h3 class=\"wp-block-heading\">Leveringsomr\u00e5de<\/h3>\n<p><!-- \/wp:heading --><!-- wp:paragraph --><\/p>\n<p>Vi leverer til<strong> hele Danmark<\/strong><\/p>\n<p><!-- \/wp:paragraph --><!-- wp:heading {\"level\":3} --><\/p>\n<h3 class=\"wp-block-heading\">Leveringstid<\/h3>\n<p><!-- \/wp:heading --><!-- wp:paragraph --><\/p>\n<p>Normal leveringstid er <strong>2-5 arbejdsdage<\/strong> fra betaling er modtaget.<\/p>\n<p><!-- \/wp:paragraph --><!-- wp:heading {\"level\":3} --><\/p>\n<h3 class=\"wp-block-heading\">Forsendelsesomkostninger<\/h3>\n<p><!-- \/wp:heading --><!-- wp:paragraph --><\/p>\n<p>Forsendelsesomkostninger fremg\u00e5r ved checkout. Gratis fragt ved k\u00f8b over <strong>2000 kr<\/strong><\/p>\n<p><!-- \/wp:paragraph --><!-- wp:heading {\"level\":3} --><\/p>\n<h3 class=\"wp-block-heading\">Leveringsmetoder<\/h3>\n<p><!-- \/wp:heading --><!-- wp:list --><\/p>\n<ul class=\"wp-block-list\">\n<li style=\"list-style-type: none;\">\n<ul class=\"wp-block-list\"><!-- wp:list-item --><\/ul>\n<\/li>\n<\/ul>\n<ul class=\"wp-block-list\">\n<li style=\"list-style-type: none;\">\n<ul class=\"wp-block-list\">\n<li><strong>PostNord<\/strong><\/li>\n<\/ul>\n<\/li>\n<\/ul>\n<p><!-- \/wp:list-item --><\/p>\n<p><!-- \/wp:list --><!-- wp:heading {\"level\":3} --><\/p>\n<h3 class=\"wp-block-heading\">Force majeure<\/h3>\n<p><!-- \/wp:heading --><!-- wp:paragraph --><\/p>\n<p><strong><span>Handels &amp; Industri Forlaget<\/span><\/strong> er ikke ansvarlig for forsinkelser som f\u00f8lge af forhold uden for vores kontrol, herunder strejke, lockout, brand, oversv\u00f8mmelse eller lignende.<\/p>\n<p><!-- \/wp:paragraph --><!-- wp:heading --><\/p>\n<h2 class=\"wp-block-heading\">5. Fortrydelsesret<\/h2>\n<p><!-- \/wp:heading --><!-- wp:paragraph --><\/p>\n<p>Du har 14 dages fortrydelsesret fra den dag, du modtager varen.<\/p>\n<p><!-- \/wp:paragraph --><!-- wp:paragraph --><\/p>\n<p>For at ud\u00f8ve fortrydelsesretten skal du kontakte os p\u00e5 <strong><span>info@hif-tryk.dk<\/span><\/strong> eller <strong><span>38104544<\/span><\/strong> og meddele din beslutning om at fortryde k\u00f8bet.<\/p>\n<p><!-- \/wp:paragraph --><!-- wp:heading {\"level\":3} --><\/p>\n<h3 class=\"wp-block-heading\">Returfragt<\/h3>\n<p><!-- \/wp:heading --><!-- wp:paragraph --><\/p>\n<p>Omkostninger ved returnering af varen afholdes af k\u00f8ber, medmindre andet er aftalt.<\/p>\n<p><!-- \/wp:paragraph --><!-- wp:heading {\"level\":3} --><\/p>\n<h3 class=\"wp-block-heading\">Undtagelser fra fortrydelsesretten<\/h3>\n<p><!-- \/wp:heading --><!-- wp:paragraph --><\/p>\n<p>Fortrydelsesretten g\u00e6lder ikke for:<\/p>\n<p><!-- \/wp:paragraph --><!-- wp:list --><\/p>\n<ul class=\"wp-block-list\">\n<li style=\"list-style-type: none;\">\n<ul class=\"wp-block-list\"><!-- wp:list-item --><\/ul>\n<\/li>\n<\/ul>\n<ul class=\"wp-block-list\">\n<li style=\"list-style-type: none;\">\n<ul class=\"wp-block-list\">\n<li><strong>Personligt tilpassede varer<\/strong><\/li>\n<\/ul>\n<\/li>\n<\/ul>\n<p><!-- \/wp:list-item --><\/p>\n<p><!-- \/wp:list --><!-- wp:heading --><\/p>\n<h2 class=\"wp-block-heading\">6. Reklamation og garanti<\/h2>\n<p><!-- \/wp:heading --><!-- wp:paragraph --><\/p>\n<p>Du kan reklamere over mangler ved varen i <strong>12 m\u00e5neder<\/strong>\u00a0fra leveringsdagen.<\/p>\n<p><!-- \/wp:paragraph --><!-- wp:paragraph --><\/p>\n<p>Reklamation skal ske til <strong><span>info@hif-tryk.dk<\/span><\/strong> med beskrivelse af manglen og ordrenummer.<\/p>\n<p><!-- \/wp:paragraph --><!-- wp:heading {\"level\":3} --><\/p>\n<h3 class=\"wp-block-heading\">Producentgaranti<\/h3>\n<p><!-- \/wp:heading --><!-- wp:paragraph --><\/p>\n<p>For varer med producentgaranti henvises til de garantibetingelser, som producenten har fastsat.<\/p>\n<p><!-- \/wp:paragraph --><!-- wp:heading --><\/p>\n<h2 class=\"wp-block-heading\">7. Databeskyttelse<\/h2>\n<p><!-- \/wp:heading --><!-- wp:paragraph --><\/p>\n<p><strong><span>Handels &amp; Industri Forlaget<\/span><\/strong> behandler dine personoplysninger i overensstemmelse med g\u00e6ldende databeskyttelseslovgivning.<\/p>\n<p><!-- \/wp:paragraph --><!-- wp:paragraph --><\/p>\n<p><!-- \/wp:paragraph --><!-- wp:heading --><\/p>\n<h2 class=\"wp-block-heading\">8. Cookies<\/h2>\n<p><!-- \/wp:heading --><!-- wp:paragraph --><\/p>\n<p>Dette website anvender cookies. <a href=\"https:\/\/hif-tryk.dk\/?page_id=81\">L\u00e6s mere i vores cookiepolitik<\/a><\/p>\n<p><!-- \/wp:paragraph --><!-- wp:heading --><\/p>\n<h2 class=\"wp-block-heading\">9. Ansvarsfraskrivelse<\/h2>\n<p><!-- \/wp:heading --><!-- wp:paragraph --><\/p>\n<p><strong><span>Handels &amp; Industri Forlaget<\/span><\/strong> er ikke ansvarlig for indirekte tab, herunder driftstab, tab af data eller lignende.<\/p>\n<p><!-- \/wp:paragraph --><!-- wp:paragraph --><\/p>\n<p>Vores samlede erstatningsansvar kan ikke overstige det bel\u00f8b, som k\u00f8ber har betalt for den p\u00e5g\u00e6ldende vare.<\/p>\n<p><!-- \/wp:paragraph --><!-- wp:heading --><\/p>\n<h2 class=\"wp-block-heading\">10. Klageadgang<\/h2>\n<p><!-- \/wp:heading --><!-- wp:paragraph --><\/p>\n<p>En klage over en vare k\u00f8bt hos os kan indgives til Konkurrence- Forbrugerstyrelsens Center for Klagel\u00f8sning, Carl Jacobsens Vej 35, 2500 Valby.<\/p>\n<p>Du kan klage til Center for Klagel\u00f8sning via\u00a0<a href=\"http:\/\/www.forbrug.dk\/\" target=\"_parent\">forbrug.dk<\/a><\/p>\n<p>\u00a0<\/p>\n<p><!-- \/wp:paragraph --><!-- wp:heading --><\/p>\n<h2 class=\"wp-block-heading\">11. Lovvalg og v\u00e6rneting<\/h2>\n<p><!-- \/wp:heading --><!-- wp:paragraph --><\/p>\n<p>Dansk ret finder anvendelse.\u00a0<\/p>\n<p><!-- \/wp:paragraph --><!-- wp:heading --><\/p>\n<h2 class=\"wp-block-heading\">12. \u00c6ndringer<\/h2>\n<p><!-- \/wp:heading --><!-- wp:paragraph --><\/p>\n<p><strong><span>Handels &amp; Industri Forlaget<\/span><\/strong> forbeholder sig ret til at \u00e6ndre disse handelsbetingelser. G\u00e6ldende handelsbetingelser vil altid v\u00e6re tilg\u00e6ngelige p\u00e5 hjemmesiden.<\/p>\n<p><!-- \/wp:paragraph --><!-- wp:separator --><\/p>\n<hr class=\"wp-block-separator has-alpha-channel-opacity\" \/>\n<p><!-- \/wp:separator --><!-- wp:paragraph --><\/p>\n<p><em>Senest opdateret:3<strong>1\/03-2026<\/strong><\/em><\/p>\n<p><!-- \/wp:paragraph --><\/p>\t\t\t\t\t\t\t\t<\/div>\n\t\t\t\t\t<\/div>\n\t\t\t\t<\/div>\n\t\t\t\t<\/div>\n\t\t","protected":false},"excerpt":{"rendered":"<p>Handelsbetingelser 1. Generelle oplysninger Danmark CVR-nr.: Telefon: E-mail: 2. Anvendelsesomr\u00e5de Disse handelsbetingelser g\u00e6lder for alle k\u00f8b foretaget i &#8216;s webshop. Ved at afgive en ordre accepterer k\u00f8ber disse handelsbetingelser. 3. Priser og betaling Alle priser er angivet i DKK og inkluderer moms, medmindre andet er anf\u00f8rt. forbeholder sig ret til at \u00e6ndre priser uden varsel. [&hellip;]<\/p>\n","protected":false},"author":2,"featured_media":0,"parent":0,"menu_order":0,"comment_status":"closed","ping_status":"closed","template":"","meta":{"footnotes":""},"class_list":["post-37","page","type-page","status-publish","hentry"],"_links":{"self":[{"href":"https:\/\/hif-tryk.dk\/index.php?rest_route=\/wp\/v2\/pages\/37","targetHints":{"allow":["GET"]}}],"collection":[{"href":"https:\/\/hif-tryk.dk\/index.php?rest_route=\/wp\/v2\/pages"}],"about":[{"href":"https:\/\/hif-tryk.dk\/index.php?rest_route=\/wp\/v2\/types\/page"}],"author":[{"embeddable":true,"href":"https:\/\/hif-tryk.dk\/index.php?rest_route=\/wp\/v2\/users\/2"}],"replies":[{"embeddable":true,"href":"https:\/\/hif-tryk.dk\/index.php?rest_route=%2Fwp%2Fv2%2Fcomments&post=37"}],"version-history":[{"count":7,"href":"https:\/\/hif-tryk.dk\/index.php?rest_route=\/wp\/v2\/pages\/37\/revisions"}],"predecessor-version":[{"id":86,"href":"https:\/\/hif-tryk.dk\/index.php?rest_route=\/wp\/v2\/pages\/37\/revisions\/86"}],"wp:attachment":[{"href":"https:\/\/hif-tryk.dk\/index.php?rest_route=%2Fwp%2Fv2%2Fmedia&parent=37"}],"curies":[{"name":"wp","href":"https:\/\/api.w.org\/{rel}","templated":true}]}}