{"id":81,"date":"2026-03-30T11:49:16","date_gmt":"2026-03-30T09:49:16","guid":{"rendered":"https:\/\/hif-tryk.dk\/?page_id=81"},"modified":"2026-03-30T11:50:45","modified_gmt":"2026-03-30T09:50:45","slug":"privatlivspolitik","status":"publish","type":"page","link":"https:\/\/hif-tryk.dk\/?page_id=81","title":{"rendered":"Cookiepolitik"},"content":{"rendered":"        <div class=\"webup-cookie-policy\">\n            <h2>Cookie Politik<\/h2>\n\n            <p>Denne hjemmeside bruger cookies for at forbedre din oplevelse. Nedenfor kan du l\u00e6se om de forskellige typer cookies vi bruger.<\/p>\n\n            <h3>N\u00f8dvendige<\/h3>\n            <p>Disse cookies er n\u00f8dvendige for at hjemmesiden fungerer og kan ikke sl\u00e5s fra.<\/p>\n            <table class=\"webup-cookie-table\">\n                <thead>\n                    <tr>\n                        <th>Cookie<\/th>\n                        <th>Form\u00e5l<\/th>\n                        <th>Udl\u00f8b<\/th>\n                    <\/tr>\n                <\/thead>\n                <tbody>\n                    <tr>\n                        <td>webup_gdpr_consent<\/td>\n                        <td>Gemmer dit cookie-samtykke<\/td>\n                        <td>1 \u00e5r<\/td>\n                    <\/tr>\n                <\/tbody>\n            <\/table>\n\n            <h3>Statistik<\/h3>\n            <p>Disse cookies hj\u00e6lper os med at forst\u00e5, hvordan bes\u00f8gende interagerer med hjemmesiden.<\/p>\n            \n            <h3>Marketing<\/h3>\n            <p>Disse cookies bruges til at vise dig relevante annoncer p\u00e5 andre hjemmesider.<\/p>\n            \n            <h3>Administrer dine cookie-indstillinger<\/h3>\n            <p>Du kan til enhver tid \u00e6ndre dine cookie-indstillinger ved at klikke p\u00e5 cookie-ikonet i bunden af siden.<\/p>\n\n            <button type=\"button\" class=\"webup-gdpr-btn webup-gdpr-btn--primary\" onclick=\"document.getElementById('webup-gdpr-banner').style.display='block'; document.getElementById('webup-gdpr-open-settings').style.display='none';\">\n                \u00c5bn cookie-indstillinger\n            <\/button>\n        <\/div>\n        \n","protected":false},"excerpt":{"rendered":"","protected":false},"author":2,"featured_media":0,"parent":0,"menu_order":0,"comment_status":"closed","ping_status":"closed","template":"","meta":{"footnotes":""},"class_list":["post-81","page","type-page","status-publish","hentry"],"_links":{"self":[{"href":"https:\/\/hif-tryk.dk\/index.php?rest_route=\/wp\/v2\/pages\/81","targetHints":{"allow":["GET"]}}],"collection":[{"href":"https:\/\/hif-tryk.dk\/index.php?rest_route=\/wp\/v2\/pages"}],"about":[{"href":"https:\/\/hif-tryk.dk\/index.php?rest_route=\/wp\/v2\/types\/page"}],"author":[{"embeddable":true,"href":"https:\/\/hif-tryk.dk\/index.php?rest_route=\/wp\/v2\/users\/2"}],"replies":[{"embeddable":true,"href":"https:\/\/hif-tryk.dk\/index.php?rest_route=%2Fwp%2Fv2%2Fcomments&post=81"}],"version-history":[{"count":2,"href":"https:\/\/hif-tryk.dk\/index.php?rest_route=\/wp\/v2\/pages\/81\/revisions"}],"predecessor-version":[{"id":83,"href":"https:\/\/hif-tryk.dk\/index.php?rest_route=\/wp\/v2\/pages\/81\/revisions\/83"}],"wp:attachment":[{"href":"https:\/\/hif-tryk.dk\/index.php?rest_route=%2Fwp%2Fv2%2Fmedia&parent=81"}],"curies":[{"name":"wp","href":"https:\/\/api.w.org\/{rel}","templated":true}]}}